{"id":27,"date":"2014-02-02T16:56:43","date_gmt":"2014-02-02T14:56:43","guid":{"rendered":"http:\/\/www.vogel-perspektive.com\/info\/?page_id=27"},"modified":"2026-02-06T13:27:23","modified_gmt":"2026-02-06T12:27:23","slug":"preisliste","status":"publish","type":"page","link":"https:\/\/www.vogel-perspektive.com\/info\/preisliste\/","title":{"rendered":"FAQ"},"content":{"rendered":"<p><strong>Ich habe hier ein paar Fragen zusammengetragen, die mir oft vor Shootings gestellt werden.<\/strong><\/p>\n<p>1. Ich bin schwanger und m\u00f6chte mich gerne fotografieren lassen. Wann ist der beste Zeitpunkt daf\u00fcr ?<\/p>\n<p><span style=\"color: #993366;\">Der beste Zeitpunkt ist um die 35. Woche. Der Bauch ist sch\u00f6n rund und das Posen f\u00e4llt noch nicht allzu schwer. Man ist noch etwas beweglicher. Nat\u00fcrlich d\u00fcrfen sich auch Kurzentschlossene zum Shooting anmelden. :-)<\/span><\/p>\n<p>2. Was ziehe ich an ?<\/p>\n<p><span style=\"color: #993366;\">Wo drin Du dich wohl f\u00fchlst. Bringe einfach ein paar verschiedene Outfits mit, und dann k\u00f6nnen wir gemeinsam entscheiden was am besten wirkt. Kinder fotografiere ich gerne barfuss. Zu den Neugeborenenshootings, bitte ich immer um wei\u00dfe oder graue einfarbige \u00a0Oberteile f\u00fcr die Eltern oder gr\u00f6\u00dferen Geschwister. Bitte ohne Prints oder Schriftz\u00fcge. F\u00fcr die Babys habe ich alles da, was w\u00e4hrend der Session ben\u00f6tigt wird. Lediglich Eure Wickeltasche und ein Schnuller w\u00e4ren gut.\u00a0<\/span><\/p>\n<p>3. Das Baby ist da ! Wann ist der beste Zeitpunkt f\u00fcr Neugeborenenfotos?<\/p>\n<p><span style=\"color: #993366;\">Der beste Zeitpunkt f\u00fcr Neugeborenenaufnahmen ist innerhalb der ersten 10 Lebenstage. Die Haut ist noch ganz rosig, das Baby schl\u00e4ft \u00fcberwiegend und ist noch wunderbar beweglich, um die typischen Posen f\u00fcr Neugeborene hinzubekommen. Bitte gebe mir so fr\u00fch wie m\u00f6glich ( am besten noch aus dem Krankenhaus ) eine kurze Info, wenn das Baby da ist, nur so kann ich kurzfristig einen Termin f\u00fcr Euch planen. Ab der zweiten Lebenswoche bekommen viele Babys die typische Neugeborenenakne und die Wachphasen sind schon wesentlich l\u00e4nger. Es w\u00e4re sch\u00f6n, wenn Ihr Euer Baby versucht m\u00f6glichst lange (3-4 Std) vor dem Shooting wachzuhalten, es unkompliziert anzuziehen (vorzugsweise Wickelbodies ) \u00a0und bevor Ihr dann kommt, noch einmal zu f\u00fcttern. Ein fester \u00a0Schlaf, um die Posings dann hinzubekommen, soll damit erreicht werden. Vermeidet den Tag vor dem Shooting \u00a0Lebensmittel, die beim Baby Bauchweh ausl\u00f6sen k\u00f6nnen&#8230; ja auch Tomaten ;-)<\/span><\/p>\n<p>4. Wie lange dauert eine \u201cSession\u201d ?<\/p>\n<p><span style=\"color: #993366;\">Es kommt ganz darauf an. Bei Neugeborenen kann es gut und gerne mal 2 Stunden dauern. \u00a0Bitte setzt Euch selber nicht unter Zeitdruck. Ich fotografiere so lange, bis ich der Meinung bin, das perfekte Bildmaterial zusammen zu haben. Portraitshootings \u201con location\u201d oder bei mir im Studio dauern meistens nicht ganz so lange.<\/span><\/p>\n<p>5. Wo findet das Fotoshooting statt ?<\/p>\n<p><span style=\"color: #993366;\">Es gibt zwei M\u00f6glichkeiten: Bei mir im Studio, oder an einer Location Eurer Wahl. Das kann bei Euch Zuhause sein, im Garten, im Park etc. Wenn es die Lichtverh\u00e4ltnisse witterungsbedingt nicht hergeben, im Freien, oder bei Euch Zuhause zu fotografieren, dann haben wir die M\u00f6glichkeit die Aufnahmen bei mir im Studio zu machen, oder einen neuen Termin zu w\u00e4hlen. Neugeborene fotografiere ich ausschlie\u00dflich bei mir im Studio, da wir dort alle Bedingungen haben, die ein erfolgreiches Babyshooting m\u00f6glich machen, wie die richtige Raumtemperatur, div. Accessoires, Licht und unterschiedliche Hintergr\u00fcnde.<\/span><\/p>\n<p>6. Wo sehe ich die Ergebnisse von der Session ?<\/p>\n<p><span style=\"color: #993366;\">Nach circa einer Woche k\u00f6nnt Ihr Eure Bilder in einer passwortgesch\u00fctzten Onlinegalerie Zuhause in Ruhe betrachten. Innerhalb der n\u00e4chsten 7 Tage habt Ihr die M\u00f6glichkeit, mir per Mail mitzuteilen, welche Auswahl Ihr getroffen habt. Ich gebe gerne Tipps und Entscheidungshilfen beim Zusammenstellen der Bilder. Da auch ich mein Portfolio st\u00e4ndig erweitere und meine Arbeiten anderen Menschen gerne zeigen m\u00f6chte, erlaube ich mir, einige Fotos aus der Session zu ver\u00f6ffentlichen. Das geschieht auf meiner Internetseite: www.vogel-perspektive.com, auf Facebook ( Vogel-Perspektive ) oder Instagram ( Nina_Vogel_Fotografie) . Bei Nichteinverst\u00e4ndnis, bitte ich um eine Info vorab der gebuchten Session. \u00a0<\/span><\/p>\n<p>7. Wie und wann bezahle ich ?<\/p>\n<p><span style=\"color: #993366;\">Die Bezahlung findet vorab oder bei \u00dcbergabe der Fotos statt. Entweder bar, mit Paypal oder per \u00dcberweisung.<\/span><\/p>\n","protected":false},"excerpt":{"rendered":"<p>Ich habe hier ein paar Fragen zusammengetragen, die mir oft vor Shootings gestellt werden. 1. Ich bin schwanger und m\u00f6chte mich gerne fotografieren lassen. Wann ist der beste Zeitpunkt daf\u00fcr ? Der beste Zeitpunkt ist um die 35. Woche. Der Bauch ist sch\u00f6n rund und das Posen f\u00e4llt noch nicht allzu schwer. Man ist noch etwas beweglicher. Nat\u00fcrlich d\u00fcrfen sich auch Kurzentschlossene zum Shooting anmelden. :-) 2. Was ziehe ich an ? Wo drin Du dich wohl f\u00fchlst. Bringe einfach ein paar verschiedene Outfits mit, und dann k\u00f6nnen wir gemeinsam entscheiden was am besten wirkt. Kinder fotografiere ich gerne barfuss. Zu den Neugeborenenshootings, bitte ich immer um wei\u00dfe oder graue einfarbige \u00a0Oberteile f\u00fcr die Eltern oder gr\u00f6\u00dferen Geschwister. Bitte ohne Prints oder Schriftz\u00fcge. F\u00fcr die Babys habe ich alles da, was w\u00e4hrend der Session ben\u00f6tigt wird. Lediglich Eure Wickeltasche und ein Schnuller w\u00e4ren gut.\u00a0 3. Das Baby ist da ! Wann ist der beste Zeitpunkt f\u00fcr Neugeborenenfotos? Der beste Zeitpunkt f\u00fcr Neugeborenenaufnahmen ist innerhalb der ersten 10 Lebenstage. Die Haut ist noch ganz rosig, das Baby schl\u00e4ft \u00fcberwiegend und ist noch wunderbar beweglich, um die typischen Posen f\u00fcr Neugeborene hinzubekommen. Bitte gebe mir so fr\u00fch wie m\u00f6glich ( am besten noch aus dem Krankenhaus ) eine kurze Info, wenn das Baby da ist, nur so kann ich kurzfristig einen Termin f\u00fcr Euch planen. Ab der zweiten Lebenswoche bekommen viele Babys die typische Neugeborenenakne und die Wachphasen sind schon wesentlich l\u00e4nger. Es w\u00e4re sch\u00f6n, wenn Ihr Euer Baby versucht m\u00f6glichst lange (3-4 Std) vor dem Shooting wachzuhalten, es unkompliziert anzuziehen (vorzugsweise Wickelbodies ) \u00a0und bevor Ihr dann kommt, noch einmal zu f\u00fcttern. Ein fester \u00a0Schlaf, um die Posings dann hinzubekommen, soll damit erreicht werden. Vermeidet den Tag vor dem Shooting \u00a0Lebensmittel, die beim Baby Bauchweh ausl\u00f6sen k\u00f6nnen&#8230; ja auch Tomaten ;-) 4. Wie lange dauert eine \u201cSession\u201d ? Es kommt ganz darauf an. Bei Neugeborenen kann es gut und gerne mal 2 Stunden dauern. \u00a0Bitte setzt Euch selber nicht unter Zeitdruck. Ich fotografiere so lange, bis ich der Meinung bin, das perfekte Bildmaterial zusammen zu haben. Portraitshootings \u201con location\u201d oder bei mir im Studio dauern meistens nicht ganz so lange. 5. Wo findet das Fotoshooting statt ? Es gibt zwei M\u00f6glichkeiten: Bei mir im Studio, oder an einer Location Eurer Wahl. Das kann bei Euch Zuhause sein, im Garten, im Park etc. Wenn es die Lichtverh\u00e4ltnisse witterungsbedingt nicht hergeben, im Freien, oder bei Euch Zuhause zu fotografieren, dann haben wir die M\u00f6glichkeit die Aufnahmen bei mir im Studio zu machen, oder einen neuen Termin zu w\u00e4hlen. Neugeborene fotografiere ich ausschlie\u00dflich bei mir im Studio, da wir dort alle Bedingungen haben, die ein erfolgreiches Babyshooting m\u00f6glich machen, wie die richtige Raumtemperatur, div. Accessoires, Licht und unterschiedliche Hintergr\u00fcnde. 6. Wo sehe ich die Ergebnisse von der Session ? Nach circa einer Woche k\u00f6nnt Ihr Eure Bilder in einer passwortgesch\u00fctzten Onlinegalerie Zuhause in Ruhe betrachten. Innerhalb der n\u00e4chsten 7 Tage habt Ihr die M\u00f6glichkeit, mir per Mail mitzuteilen, welche Auswahl Ihr getroffen habt. Ich gebe gerne Tipps und Entscheidungshilfen beim Zusammenstellen der Bilder. Da auch ich mein Portfolio st\u00e4ndig erweitere und meine Arbeiten anderen Menschen gerne zeigen m\u00f6chte, erlaube ich mir, einige Fotos aus der Session zu ver\u00f6ffentlichen. Das geschieht auf meiner Internetseite: www.vogel-perspektive.com, auf Facebook ( Vogel-Perspektive ) oder Instagram ( Nina_Vogel_Fotografie) . Bei Nichteinverst\u00e4ndnis, bitte ich um eine Info vorab der gebuchten Session. \u00a0 7. Wie und wann bezahle ich ? Die Bezahlung findet vorab oder bei \u00dcbergabe der Fotos statt. Entweder bar, mit Paypal oder per \u00dcberweisung.<\/p>\n","protected":false},"author":1,"featured_media":0,"parent":0,"menu_order":0,"comment_status":"closed","ping_status":"closed","template":"","meta":{"footnotes":""},"class_list":["post-27","page","type-page","status-publish","hentry"],"acf":[],"_links":{"self":[{"href":"https:\/\/www.vogel-perspektive.com\/info\/wp-json\/wp\/v2\/pages\/27","targetHints":{"allow":["GET"]}}],"collection":[{"href":"https:\/\/www.vogel-perspektive.com\/info\/wp-json\/wp\/v2\/pages"}],"about":[{"href":"https:\/\/www.vogel-perspektive.com\/info\/wp-json\/wp\/v2\/types\/page"}],"author":[{"embeddable":true,"href":"https:\/\/www.vogel-perspektive.com\/info\/wp-json\/wp\/v2\/users\/1"}],"replies":[{"embeddable":true,"href":"https:\/\/www.vogel-perspektive.com\/info\/wp-json\/wp\/v2\/comments?post=27"}],"version-history":[{"count":15,"href":"https:\/\/www.vogel-perspektive.com\/info\/wp-json\/wp\/v2\/pages\/27\/revisions"}],"predecessor-version":[{"id":2197,"href":"https:\/\/www.vogel-perspektive.com\/info\/wp-json\/wp\/v2\/pages\/27\/revisions\/2197"}],"wp:attachment":[{"href":"https:\/\/www.vogel-perspektive.com\/info\/wp-json\/wp\/v2\/media?parent=27"}],"curies":[{"name":"wp","href":"https:\/\/api.w.org\/{rel}","templated":true}]}}