{"id":235,"date":"2010-09-15T08:21:10","date_gmt":"2010-09-15T08:21:10","guid":{"rendered":"http:\/\/elegantthemes.com\/preview\/DeepFocus\/?page_id=235"},"modified":"2026-03-10T14:36:36","modified_gmt":"2026-03-10T13:36:36","slug":"235-2","status":"publish","type":"page","link":"https:\/\/www.vogel-perspektive.com\/info\/235-2\/","title":{"rendered":"PREISLISTE"},"content":{"rendered":"\n<p><\/p>\n\n\n<p><strong>Paket 1 \u00a0 Outdoor \u00a0 \u00a0 \u00a0 \u00a0 \u00a0 \u00a0 \u00a0 \u00a0 \u00a0 \u00a0 \u00a0180,00 Euro \u00a0 ( keine Newbornshootings )<\/strong><\/p>\n<p>&#8211; Outdoorshooting in Neum\u00fcnster und Umgebung oder Studioaufschlag <strong>+30,00 Euro<\/strong><\/p>\n<p>&#8211; Dauer ca. 1 Stunde<\/p>\n<p>&#8211; 10 liebevoll bearbeitete Fotodateien nach Wahl zum Download<\/p>\n<p>&#8211; Onlinegalerie zur bequemen Bildauswahl zu Hause<\/p>\n<p>\u00a0<\/p>\n<p><strong>Paket \u00a01 Studio (Cakesmash) \u00a0 \u00a0210,00 Euro<\/strong><\/p>\n<p>&#8211; Studioshooting ( Torte und spezielle Deko in Eigenregie ) Faketorte + nat\u00fcrliche Deko vorhanden.<\/p>\n<p>&#8211; Dauer ca. 1 Stunde<\/p>\n<p>&#8211; 10 liebevoll bearbeitete Fotodateien nach Auswahl zum eigenen Download<\/p>\n<p>&#8211; Onlinegalerie zur bequemen Bildauswahl zu Hause<\/p>\n<p><strong>\u00a0 \u00a0 \u00a0<\/strong><\/p>\n<p><strong>Paket 2 \u00a0&#8222;Standard&#8220; \u00a0 \u00a0 \u00a0 \u00a0 \u00a0 \u00a0 \u00a0399,00 Euro \u00a0 \u00a0 \u00a0 \u00a0 \u00a0 \u00a0 \u00a0\u00a0<\/strong><\/p>\n<p>&#8211; Studio oder &#8222;on location&#8220; in Neum\u00fcnster und Umgebung<\/p>\n<p>&#8211; Dauer ca. 2 Stunden<\/p>\n<p>&#8211; 20 liebevoll bearbeitete Fotodateien nach Wahl zum Download und ausbelichtet auf professionellem \u00a0 \u00a0Portraitpapier<\/p>\n<p>&#8211; Onlinegalerie zur bequemen Bildauswahl zu Hause<\/p>\n<p>\u00a0<\/p>\n<p><strong>Paket 3 \u00a0&#8222;Premium&#8220; \u00a0 \u00a0 \u00a0 \u00a0 \u00a0 \u00a0 \u00a0 540,00 Euro \u00a0<\/strong><\/p>\n<p>&#8211; Studio oder &#8222;on location&#8220; in Neum\u00fcnster und Umgebung<\/p>\n<p>&#8211; Dauer ca. 2 Stunden<\/p>\n<p>&#8211; 30 liebevoll bearbeitete Fotodateien nach Wahl zum Download und ausbelichtet \u00a0auf professionellem \u00a0 \u00a0 \u00a0Portraitpapier<\/p>\n<p>&#8211; Onlinegalerie zur bequemen Bildauswahl zu Hause<\/p>\n<p>\u00a0<\/p>\n<p><strong>Paket 4 \u00a0&#8222;Premium Plus&#8220; \u00a0 \u00a0 \u00a0 \u00a0700,00 Euro \u00a0<\/strong><\/p>\n<p>&#8211; Studio oder &#8222;on location&#8220; in Neum\u00fcnster und Umgebung<\/p>\n<p>&#8211; Dauer ca. 2 Stunden\u00a0<\/p>\n<p>&#8211; alle bearbeiteten Fotodateien zum Download und ausbelichtet (max. 50) auf professionellem \u00a0Portraitpapier<\/p>\n<p>&#8211; Onlinegalerie<\/p>\n<p>\u00a0<\/p>\n<p>Das Shooting schliesst bis zu 5 Personen ein. Jede weitere Person kostet \u00a0<strong>10,00 Euro<\/strong> zus\u00e4tzlich<\/p>\n<p>Neugeborenenfotosessions fangen mit dem Fotopaket <strong>&#8222;Standard&#8220;<\/strong> an.<\/p>\n<p>Zus\u00e4tzliche Fotodateien k\u00f6nnen f\u00fcr <strong>15,00 Euro<\/strong> pro Datei erworben werden.<\/p>\n<p>Shootings ausserhalb von Neum\u00fcnster und Umgebung werden mit <strong>0,40 Euro\/km<\/strong> \u00a0berechnet.<\/p>\n<p>Emailkontakt unter:\u00a0<a href=\"mailto:info@vogel-perspektive.com\">info@vogel-perspektive.com<\/a>\u00a0<\/p>\n<p>\u00a0<\/p>\n<p><strong>Bewerbungsfotos: \u00a0 \u00a045,00 Euro \u00a0<span style=\"color: #ff0000;\">\u00a0<\/span><\/strong><\/p>\n<p>Ein komplett retouchiertes Foto als Datei per Email ausschliesslich zur Nutzung von Print- und Onlinebewerbung. \u00a0Ich setzte Euch ins rechte Licht und wir probieren solange, bis wir das &#8222;perfekte Bild&#8220; gefunden haben, damit der 1. Schritt zum Erfolg getan ist.\u00a0<\/p>\n<p><b>\u00a0 \u00a0 \u00a0 \u00a0 \u00a0 \u00a0 \u00a0 \u00a0 \u00a0 \u00a0 \u00a0 \u00a0 \u00a0 \u00a0 \u00a0 \u00a0 \u00a0 \u00a0 \u00a0 \u00a0 \u00a0 \u00a0 \u00a0 \u00a0 \u00a0 \u00a0 \u00a0 \u00a0 \u00a0 \u00a0 \u00a0 \u00a0 \u00a0 \u00a0 \u00a0 \u00a0 \u00a0 \u00a0 \u00a0 \u00a0\u00a0 \u00a0<\/b><\/p>\n<p><b>Hochzeitspaket:<\/b>\u00a0 \u00a0 \u00a0 <strong>\u00a0850<\/strong><b>,00 Euro<\/b><\/p>\n<p>Das komplette Hochzeitspaket beinhaltet:<\/p>\n<p>Vorgespr\u00e4ch: pers\u00f6nlich oder telefonisch<\/p>\n<p>Die Fotosession vor Ort, 3 Std. inklusive, \u00a0(Kirche oder Standesamt innerhalb von Neum\u00fcnster). Dort, oder auch an einer Location Eurer Wahl, werden die Aufnahmen \u00a0von Euch gemacht, die sogenannten \u201cgestellten Fotos\u201d, die Gruppenfotos und eine Reportage (Einzug, Auszug, etc.). Au\u00dferhalb Neum\u00fcnster gegen Aufpreis ( 0,40 Euro\/km )<\/p>\n<p>Jede weitere Stunde optional f\u00fcr <strong>150,00 Euro <\/strong>zubuchbar.<\/p>\n<p>Alle bearbeitete Fotodateien in voller Aufl\u00f6sung zum Download zur eigenen Vervielf\u00e4ltigung \u00a0und die sch\u00f6nsten Portraitaufnahmen bekommt Ihr\u00a0 auf hochwertigem professionellem Fotopapier ausbelichtet dazu.<\/p>\n<p>Eine 4- w\u00f6chige passwortgesch\u00fctzte Onlinegalerie, damit auch Eure Freunde und Verwandten einen Blick auf den hoffentlich sch\u00f6nsten Tag Eures Lebens werfen k\u00f6nnen und sich ihre Bilder gleich selber herunterladen k\u00f6nnen.<\/p>\n<p>\u00a0<\/p>\n\n\n<p><strong>Businessfotos<\/strong> <strong>( Unternehmensfotos\/Mitarbeiterfotos )<\/strong> : <strong>ab 425,00 Euro<\/strong><\/p>\n\n\n\n<p>Je nach Art und Aufwand erstelle ich ein individuelles Angebot, welches ein r\u00e4umlich- und zeitlich uneingeschr\u00e4nktes gewerbliches Nutzungsrecht der Bilddateien beinhaltet. <\/p>\n\n\n\n<p><\/p>\n\n\n\n<p><\/p>\n","protected":false},"excerpt":{"rendered":"<p>Paket 1 \u00a0 Outdoor \u00a0 \u00a0 \u00a0 \u00a0 \u00a0 \u00a0 \u00a0 \u00a0 \u00a0 \u00a0 \u00a0180,00 Euro \u00a0 ( keine Newbornshootings ) &#8211; Outdoorshooting in Neum\u00fcnster und Umgebung oder Studioaufschlag +30,00 Euro &#8211; Dauer ca. 1 Stunde &#8211; 10 liebevoll bearbeitete Fotodateien nach Wahl zum Download &#8211; Onlinegalerie zur bequemen Bildauswahl zu Hause \u00a0 Paket \u00a01 Studio (Cakesmash) \u00a0 \u00a0210,00 Euro &#8211; Studioshooting ( Torte und spezielle Deko in Eigenregie ) Faketorte + nat\u00fcrliche Deko vorhanden. &#8211; Dauer ca. 1 Stunde &#8211; 10 liebevoll bearbeitete Fotodateien nach Auswahl zum eigenen Download &#8211; Onlinegalerie zur bequemen Bildauswahl zu Hause \u00a0 \u00a0 \u00a0 Paket 2 \u00a0&#8222;Standard&#8220; \u00a0 \u00a0 \u00a0 \u00a0 \u00a0 \u00a0 \u00a0399,00 Euro \u00a0 \u00a0 \u00a0 \u00a0 \u00a0 \u00a0 \u00a0\u00a0 &#8211; Studio oder &#8222;on location&#8220; in Neum\u00fcnster und Umgebung &#8211; Dauer ca. 2 Stunden &#8211; 20 liebevoll bearbeitete Fotodateien nach Wahl zum Download und ausbelichtet auf professionellem \u00a0 \u00a0Portraitpapier &#8211; Onlinegalerie zur bequemen Bildauswahl zu Hause \u00a0 Paket 3 \u00a0&#8222;Premium&#8220; \u00a0 \u00a0 \u00a0 \u00a0 \u00a0 \u00a0 \u00a0 540,00 Euro \u00a0 &#8211; Studio oder &#8222;on location&#8220; in Neum\u00fcnster und Umgebung &#8211; Dauer ca. 2 Stunden &#8211; 30 liebevoll bearbeitete Fotodateien nach Wahl zum Download und ausbelichtet \u00a0auf professionellem \u00a0 \u00a0 \u00a0Portraitpapier &#8211; Onlinegalerie zur bequemen Bildauswahl zu Hause \u00a0 Paket 4 \u00a0&#8222;Premium Plus&#8220; \u00a0 \u00a0 \u00a0 \u00a0700,00 Euro \u00a0 &#8211; Studio oder &#8222;on location&#8220; in Neum\u00fcnster und Umgebung &#8211; Dauer ca. 2 Stunden\u00a0 &#8211; alle bearbeiteten Fotodateien zum Download und ausbelichtet (max. 50) auf professionellem \u00a0Portraitpapier &#8211; Onlinegalerie \u00a0 Das Shooting schliesst bis zu 5 Personen ein. Jede weitere Person kostet \u00a010,00 Euro zus\u00e4tzlich Neugeborenenfotosessions fangen mit dem Fotopaket &#8222;Standard&#8220; an. Zus\u00e4tzliche Fotodateien k\u00f6nnen f\u00fcr 15,00 Euro pro Datei erworben werden. Shootings ausserhalb von Neum\u00fcnster und Umgebung werden mit 0,40 Euro\/km \u00a0berechnet. Emailkontakt unter:\u00a0info@vogel-perspektive.com\u00a0 \u00a0 Bewerbungsfotos: \u00a0 \u00a045,00 Euro \u00a0\u00a0 Ein komplett retouchiertes Foto als Datei per Email ausschliesslich zur Nutzung von Print- und Onlinebewerbung. \u00a0Ich setzte Euch ins rechte Licht und wir probieren solange, bis wir das &#8222;perfekte Bild&#8220; gefunden haben, damit der 1. Schritt zum Erfolg getan ist.\u00a0 \u00a0 \u00a0 \u00a0 \u00a0 \u00a0 \u00a0 \u00a0 \u00a0 \u00a0 \u00a0 \u00a0 \u00a0 \u00a0 \u00a0 \u00a0 \u00a0 \u00a0 \u00a0 \u00a0 \u00a0 \u00a0 \u00a0 \u00a0 \u00a0 \u00a0 \u00a0 \u00a0 \u00a0 \u00a0 \u00a0 \u00a0 \u00a0 \u00a0 \u00a0 \u00a0 \u00a0 \u00a0 \u00a0 \u00a0 \u00a0\u00a0 \u00a0 Hochzeitspaket:\u00a0 \u00a0 \u00a0 \u00a0850,00 Euro Das komplette Hochzeitspaket beinhaltet: Vorgespr\u00e4ch: pers\u00f6nlich oder telefonisch Die Fotosession vor Ort, 3 Std. inklusive, \u00a0(Kirche oder Standesamt innerhalb von Neum\u00fcnster). Dort, oder auch an einer Location Eurer Wahl, werden die Aufnahmen \u00a0von Euch gemacht, die sogenannten \u201cgestellten Fotos\u201d, die Gruppenfotos und eine Reportage (Einzug, Auszug, etc.). Au\u00dferhalb Neum\u00fcnster gegen Aufpreis ( 0,40 Euro\/km ) Jede weitere Stunde optional f\u00fcr 150,00 Euro zubuchbar. Alle bearbeitete Fotodateien in voller Aufl\u00f6sung zum Download zur eigenen Vervielf\u00e4ltigung \u00a0und die sch\u00f6nsten Portraitaufnahmen bekommt Ihr\u00a0 auf hochwertigem professionellem Fotopapier ausbelichtet dazu. Eine 4- w\u00f6chige passwortgesch\u00fctzte Onlinegalerie, damit auch Eure Freunde und Verwandten einen Blick auf den hoffentlich sch\u00f6nsten Tag Eures Lebens werfen k\u00f6nnen und sich ihre Bilder gleich selber herunterladen k\u00f6nnen. \u00a0 Businessfotos ( Unternehmensfotos\/Mitarbeiterfotos ) : ab 425,00 Euro Je nach Art und Aufwand erstelle ich ein individuelles Angebot, welches ein r\u00e4umlich- und zeitlich uneingeschr\u00e4nktes gewerbliches Nutzungsrecht der Bilddateien beinhaltet.<\/p>\n","protected":false},"author":1,"featured_media":0,"parent":0,"menu_order":0,"comment_status":"closed","ping_status":"closed","template":"","meta":{"footnotes":""},"class_list":["post-235","page","type-page","status-publish","hentry"],"acf":[],"_links":{"self":[{"href":"https:\/\/www.vogel-perspektive.com\/info\/wp-json\/wp\/v2\/pages\/235","targetHints":{"allow":["GET"]}}],"collection":[{"href":"https:\/\/www.vogel-perspektive.com\/info\/wp-json\/wp\/v2\/pages"}],"about":[{"href":"https:\/\/www.vogel-perspektive.com\/info\/wp-json\/wp\/v2\/types\/page"}],"author":[{"embeddable":true,"href":"https:\/\/www.vogel-perspektive.com\/info\/wp-json\/wp\/v2\/users\/1"}],"replies":[{"embeddable":true,"href":"https:\/\/www.vogel-perspektive.com\/info\/wp-json\/wp\/v2\/comments?post=235"}],"version-history":[{"count":137,"href":"https:\/\/www.vogel-perspektive.com\/info\/wp-json\/wp\/v2\/pages\/235\/revisions"}],"predecessor-version":[{"id":2232,"href":"https:\/\/www.vogel-perspektive.com\/info\/wp-json\/wp\/v2\/pages\/235\/revisions\/2232"}],"wp:attachment":[{"href":"https:\/\/www.vogel-perspektive.com\/info\/wp-json\/wp\/v2\/media?parent=235"}],"curies":[{"name":"wp","href":"https:\/\/api.w.org\/{rel}","templated":true}]}}