{"id":2212,"date":"2026-02-13T09:45:42","date_gmt":"2026-02-13T08:45:42","guid":{"rendered":"https:\/\/www.vogel-perspektive.com\/info\/?page_id=2212"},"modified":"2026-02-13T10:16:44","modified_gmt":"2026-02-13T09:16:44","slug":"agb","status":"publish","type":"page","link":"https:\/\/www.vogel-perspektive.com\/info\/who-i-am\/agb\/","title":{"rendered":"AGB"},"content":{"rendered":"\n<figure class=\"wp-block-pullquote alignwide has-text-align-left\"><blockquote><p><strong>Allgemeine Gesch\u00e4ftsbedingungen<\/strong><br> Nina Vogel Fotografie<br> Nina Vogel, Wasbeker Str. 124, 24534 Neum\u00fcnster, Tel.: 0171-3051058<br> info@vogel-perspektive.com<br> Stand 01.05.2025<br><br>Die folgenden Allgemeinen Gesch\u00e4ftsbedingungen (AGB) finden bei allen Auftr\u00e4gen Anwendung, <br>die mir erteilt werden.<br><br>Die Auftragserteilung gilt als Anerkennung dieser Allgemeinen Gesch\u00e4ftsbedingungen.<br><br>\u00a71.Haftung<br>(1) F\u00fcr die Verletzung von Pflichten, die nicht in unmittelbarem Zusammenhang mit wesentlichen Vertragspflichten stehen, haftet der Fotograf f\u00fcr sich und seine Erf\u00fcllungsgehilfen nur bei Vorsatz und grober Fahrl\u00e4ssigkeit. Er haftet ferner f\u00fcr Sch\u00e4den aus der Verletzung des Lebens, des K\u00f6rpers oder der Gesundheit sowie aus der Verletzung wesentlicher Vertragspflichten, die er oder seine Erf\u00fcllungsgehilfen durch schuldhafte Pflichtverletzungen herbeigef\u00fchrt haben.<br>(2) Nina Vogel Fotografie verwahrt die Aufnahmen sorgf\u00e4ltig und ist berechtigt, ohne Rechtspflicht, von ihr aufbewahrte Dateien nach drei Jahren seit Beendigung des Auftrags zu vernichten. Im Fall des Verlustes oder der Besch\u00e4digung stehen dem Vertragspartner keinerlei Anspr\u00fcche zu.<br>(3) Nina Vogel Fotografie haftet f\u00fcr Lichtbest\u00e4ndigkeit und Dauerhaftigkeit der Lichtbilder nur im Rahmen der Garantieleistungen der Hersteller des Fotomaterials.<br>(4) Die Zusendung und R\u00fccksendung von Bildern und Fotob\u00fcchern erfolgt auf Kosten und Gefahr des<br>Auftraggebers. Der Auftraggeber kann bestimmen, wie und durch wen die R\u00fccksendung erfolgt.<br><br>\u00a72.Verg\u00fctung, Eigentumsvorbehalt und Reklamationen<br>(1)Die Kosten f\u00fcr eine Fotobestellung oder eine Bearbeitung von Fotos sind vorab per \u00dcberweisung oder per Paypal (zzgl. Paypal Geb\u00fchren) zu zahlen.<br>(2) Bis zur vollst\u00e4ndigen Kaufpreiszahlung bleiben die Fotos im Besitz des Fotografen.<br>(3) Fotobestellung wird erst nach vollst\u00e4ndigem Zahlungseingang ausgeliefert!<br>(4) Ich kann verst\u00e4ndlicherweise keine Garantie f\u00fcr die Qualit\u00e4t von Ausdrucken geben die Sie woanders, mit den bei mir gekauften Bilddateien, machen lassen.<br>(5) Reklamationen bzgl. evtl. Druckm\u00e4ngel des von mir ausgeh\u00e4ndigten Bildmaterials sind unverz\u00fcglich per Email an  <a href=\"mailto:info@vogel-perspektive.com\">info@vogel-perspektive.com<\/a> zu melden.<br>(6) Sollten Dateien nicht im angegeben Zeitraum heruntergeladen sein, werden nach Ablaufzeit der Galerie zum Download bei erneutem Freischalten\/Hochladen eine Geb\u00fchr von 15\u20ac erhoben.<br>(7) Sollte bei Vereinbarung zur Erlaubnis der Ver\u00f6ffentlichung ein Rabatt oder zus\u00e4tzliche kostenfreie Bilder vereinbart werden, so sind diese f\u00fcr den Fall das dem Ver\u00f6ffentlichungsrecht widerrufen wird , nachtr\u00e4glich der Differenzbetrag des Rabattes oder der Gesamtpreis der zus\u00e4tzlichen vorab kostenfreien Bilddateien an Nina Vogel Fotografie zu erstatten.<br>(9) Die Roh-Daten verbleiben beim Fotografen. Eine Herausgabe dieser an den Auftraggeber erfolgt grunds\u00e4tzlich nicht.<br>(10) Auf Gutscheine und Fotoshootings gibt es keine Preisgarantie. Es gelten die zum Zeitpunkt des Shootings aktuellen Preise.<br>Diese k\u00f6nnen auf der Homepage jederzeit eingesehen werden.<br><br>\u00a73.Stornobedingungen<br>(1) Shootingtermine, die Sie mit Nina Vogel Fotografie telefonisch oder schriftlich (Email, Messenger, WhatsApp) vereinbaren, gelten als verbindlich.<br>(2) Storniert der Auftraggeber die Buchung aus welchem Grund auch immer (ausgenommen h\u00f6here Gewalt), steht dem Fotografen ein Ausfallhonorar zu.<br>Dieses wird wie folgt berechnet:<br>Bei Stornierung der Auftragsbest\u00e4tigung \/Buchung sind 30% des Gesamtbetrages als Ausfallhonorar an den Fotografen zu zahlen.<br>(3) Kann ein Outdoor Shooting aufgrund von (absehbaren) schlechten Wetterbedingungen (24 Stunden vor dem geplanten Shootingtermin) nicht durchgef\u00fchrt werden, entstehen f\u00fcr den Auftraggeber keine Kosten und es wird ein Ausweichtermin vereinbart.<br><br>\u00a74. Widerrufsrecht<br>Sie haben die M\u00f6glichkeit ohne Angaben von Gr\u00fcnden, von einem Vertrag oder einem verbindlich reservierten Fotoshooting, binnen 14 Tagen zur\u00fcckzutreten. Dies muss in schriftlicher Form geschehen.<br>Die Widerrufsfrist betr\u00e4gt vierzehn Tage ab dem Tag des Vertragsabschlusses\/verbindlicher Reservierung.<br>Um Ihr Widerrufsrecht auszu\u00fcben, m\u00fcssen Sie mich (Nina Vogel Fotografie, E-Mail:info@vogel-perspektive.com ) mittels einer eindeutigen Erkl\u00e4rung (per E-Mail) \u00fcber Ihren Entschluss, <br>diesen Vertrag zu widerrufen, informieren. Zur Wahrung der Widerrufsfrist reicht es aus, dass Sie die Mitteilung \u00fcber die Aus\u00fcbung des Widerrufsrechts vor Ablauf der Widerrufsfrist absenden.<br>Folgen des Widerrufs: Wenn Sie diesen Vertrag widerrufen, habe ich Ihnen alle Zahlungen, die ich von Ihnen erhalten habe sp\u00e4testens binnen vierzehn Tagen ab dem Tag zur\u00fcckzuzahlen, an dem <br>die Mitteilung \u00fcber Ihren Widerruf dieses Vertrags bei mir eingegangen ist.<br><br>\u00a75.Sonderleistungen<br>Die Anfahrtskosten belaufen sich auf 0,40 Euro je angefangenem Kilometer (Anfahrt Neum\u00fcnster + 15km kostenlos) und werden zusammen mit dem Shooting in Rechnung gestellt.<br>F\u00fcr sp\u00e4tere Bildnachbestellungen oder nach Ablauf der Galerie wird eine Geb\u00fchr f\u00fcr :<br>1. das Verl\u00e4ngern der Bildergalerie f\u00fcr weitere 7 Tage (15\u20ac)<br>2. sowie gew\u00fcnschte Bildabz\u00fcge 13&#215;19 cm ( pro Fachabzug 3\u20ac ) erhoben.<br><br>\u00a76.Gutschein<br>Der Gutschein ist drei Jahre, ab dem Ende des Jahres in dem er ausgestellt wurde, g\u00fcltig und vom Umtausch und einer Barauszahlung ausgeschlossen.<br>Ein Gutschein ist nicht \u00fcbertragbar.<br><br>\u00a77.Nutzungsrecht und Urheberrecht<br>(1) Die Urheberrechte an den Fotos liegen immer bei Nina Vogel Fotografie. Eigentumsrechte werden nicht \u00fcbertragen.<br>(2) Fotos werden ohne schriftliche Erlaubnis des\/der Abgebildeten nicht ver\u00f6ffentlich.<br>(3) Sollten Sie sich f\u00fcr Aufnahmen zur Erweiterung meines Portfolios als Model \u201eModel Call Shooting\u201c zur Verf\u00fcgung stellen, so erkl\u00e4ren sich sich automatisch einverstanden, dass Ihre Fotos <br>zur gewerblichen Nutzung und Ver\u00f6ffentlichung zur Eigenwerbung auf meiner Homepage, Social media und Druckerzeugnissen genutzt werden d\u00fcrfen.<br>(4) Sie erhalten von mir Bilder im Originalformat ohne Wasserzeichen, diese sind ausschlie\u00dflich f\u00fcr den privaten eigenen Gebrauch bestimmt (einfache private Nutzungsrechte).<br>Sie d\u00fcrfen NICHT bearbeitet ( Filter, schwarz-wei\u00df, Collage, Freistellen, Zuschnitt o.\u00e4.), noch an Dritte verkauft werden, sofern keine schriftliche Erlaubnis von Nina Vogel Fotografie erteilt wurde.<br>Eine kommerzielle Nutzung ist ohne Absprache mit Nina Vogel Fotografie nicht gestattet. Die Bilder d\u00fcrfen nicht gewerblich (Homepage, Xing, Firmenseiten und anderen gewerblich genutzten \u00f6ffentlichen Seiten) verwendet werden, dazu kann bei Bedarf ein erweitertes Nutzungsrecht kostenpflichtig erworben werden.<br>(5) Die privaten Nutzungsrechte gehen erst \u00fcber, nach vollst\u00e4ndiger Bezahlung des Honorars an den Fotografen.<br>(6) Der Besteller eines Bildes i.S. vom \u00a7 60 UrhG hat kein Recht, das Lichtbild zu vervielf\u00e4ltigen und zu verbreiten, wenn nicht die entsprechenden Nutzungsrechte \u00fcbertragen worden sind. \u00a7 60 UrhG wird ausdr\u00fccklich abbedungen.<br>(7) Bei der Verwertung der Lichtbilder kann der Fotograf, sofern nichts anderes vereinbart wurde, verlangen, als Urheber des Lichtbildes genannt zu werden. Eine Verletzung des Rechts auf Namensnennung berechtigt den Fotografen zum Schadensersatz.<br>(8) Bearbeitungen oder Umgestaltungen des erhaltenes Bildes d\u00fcrfen nur mit Einwilligung des Urhebers, Nina Vogel Fotografie, ver\u00f6ffentlicht oder verwertet werden.(\u00a723UrhG)<br>(9) Auch Vorschaubilder (Galerieauswahl), Bilder von der Homepage d\u00fcrfen nicht kopiert (z.B. via Screenshot), verwendet, vervielf\u00e4ltigt und in ihrer Ursprungsform ver\u00e4ndert (z.B. durch Filter) werden. Unbearbeitete Bilder d\u00fcrfen nicht verwendet, selbst bearbeitet, an Dritte weitergegeben oder ver\u00f6ffentlicht werden.<br>(10) Bewerbungsbilder Nutzungsrecht<br>Bewerbungsbilder d\u00fcrfen nur f\u00fcr den erwerbswirtschaftlichen Zweck verwendet werden. Das gilt sowohl f\u00fcr Print- als auch Online Bewerbungen.<br>Sie d\u00fcrfen privat, aber nicht als Profilbild, auf einer Homepage oder auf anderen \u00f6ffentlichen Plattformen genutzt werden.<br>Gerne k\u00f6nnen erweiterte Nutzungsrechte\/Lizenzen kostenpflichtig erworben werden.<br><br>Bei Nichteinhaltung der unter \u00a77 aufgef\u00fchrten Punkte kann Schadensersatz geltend gemacht werden. <br><br>\u00a78.Urhebernennung und Quellenangabe<br>Bei der Verwendung im Internet, in sozialen Netzwerken oder auf anderen \u00f6ffentlichen Plattformen (Homepage, Flyer etc.) hat der Nutzer in der \u00fcblichen Weise den Urheber beim Upload des Bildes in folgender Form zu nennen: \u00a9 Nina Vogel Fotografie<br>Sollten Sie keine Verlinkung \/ Namensnennung wollen, kommt pro Foto noch eine Weblizenz hinzu. Pro Foto sind dies 49\u20ac.<br>Eine Verletzung des Rechts auf Namensnennung berechtigt den Fotografen zum Schadensersatz.<br><br>\u00a79.Digitale Fotografie<br>(1) Die Digitalisierung, Speicherung und Vervielf\u00e4ltigung der Fotos des Fotografen auf Datentr\u00e4gern aller Art, bedarf der vorherigen schriftlichen Zustimmung des Fotografen.<br>(2) Die \u00dcbertragung von Nutzungsrechten beinhaltet nicht das Recht zur Speicherung und Vervielf\u00e4ltigung, wenn dieses Recht nicht ausdr\u00fccklich \u00fcbertragen wurde.<br><br>\u00a710.Datenschutz<br>Zum Gesch\u00e4ftsverkehr erforderliche personenbezogene Daten des Auftraggebers k\u00f6nnen von Nina Vogel Fotografie gespeichert werden.<br>Nina Vogel Fotografie verpflichtet sich, alle im Rahmen des Auftrags bekannt gewordenen Informationen vertraulich zu behandeln und nicht an Dritte weiterzugeben.<br><br><strong>Personenbezogene Daten<\/strong><br>Ich erhebe, verarbeite und nutze Ihre personenbezogenen Daten nur mit Ihrer Einwilligung oder wenn eine Rechtsvorschrift dies erlaubt.<br>Ich werde nur solche personenbezogenen Daten erheben, verarbeiten, speichern und nutzen, die f\u00fcr die<br>Durchf\u00fchrung und Inanspruchnahme meiner Leistungen erforderlich sind oder die Sie mir freiwillig zur Verf\u00fcgung stellen.<br>Personenbezogene Daten sind Einzelangaben \u00fcber pers\u00f6nliche und sachliche Verh\u00e4ltnisse eines bestimmten oder bestimmbaren Kunden.<br>Hierzu geh\u00f6ren zum Beispiel Name, Anschrift, Telefonnummer, Email Adresse.<br>Zweck der Erhebung personenbezogener Daten<br>Ich ben\u00f6tige Ihre personenbezogenen Daten zum Zwecke der Abwicklung Ihres Auftrages (Name, Email,<br>Telefonnummer, Anschrift) und zur Beantwortung Ihrer Fragen (Email, Anschrift, Telefonnummer, Messenger).<br><br><strong>Erbringung kostenpflichtiger Leistungen<\/strong><br>Zur Erbringung kostenpflichtiger Leistungen werden von mir zus\u00e4tzliche Daten erfragt, wie z.B. Zahlungsangaben.<br><br><strong>Ihre Rechte auf Auskunft, Berichtigung, Sperre, L\u00f6schung und Widerspruch<\/strong><br>Sie haben das Recht, jederzeit Auskunft \u00fcber Ihre bei mir gespeicherten personenbezogenen Daten zu erhalten.<br>Ebenso haben Sie das Recht auf Berichtigung, Sperrung oder, abgesehen von der vorgeschriebenen<br>Datenspeicherung zur Gesch\u00e4ftsabwicklung, L\u00f6schung Ihrer personenbezogenen Daten.<br>Damit eine Sperre von Daten jederzeit ber\u00fccksichtigt werden kann, m\u00fcssen diese Daten zu Kontrollzwecken in einer Sperrdatei vorgehalten werden. Sie k\u00f6nnen auch die L\u00f6schung der Daten verlangen, soweit keine gesetzliche Archivierungsverpflichtung besteht. Soweit eine solche Verpflichtung besteht, sperre ich Ihre Daten auf Wunsch.<br>Sie k\u00f6nnen \u00c4nderungen oder den Widerruf einer Einwilligung durch entsprechende Mitteilung an mich mit Wirkung f\u00fcr die Zukunft vornehmen.<br><br>\u00a711.Salvatorische Klausel<br>(1) Sollten einzelne Klauseln dieser Allgemeinen Gesch\u00e4ftsbedingungen ganz oder teilweise ung\u00fcltig<br>sein, so ber\u00fchrt das die Wirksamkeit der \u00fcbrigen Klauseln nicht. Eine unwirksame Bestimmung wird<br>durch eine solche Bestimmung ersetzt, die dem wirtschaftlichen Zweck der unwirksamen Regelung<br>am n\u00e4chsten kommt und wirksam ist.<br>(2) Erf\u00fcllungsort und Gerichtsstand ist Neum\u00fcnster<\/p><\/blockquote><\/figure>\n","protected":false},"excerpt":{"rendered":"<p>Allgemeine Gesch\u00e4ftsbedingungen Nina Vogel Fotografie Nina Vogel, Wasbeker Str. 124, 24534 Neum\u00fcnster, Tel.: 0171-3051058 info@vogel-perspektive.com Stand 01.05.2025 Die folgenden Allgemeinen Gesch\u00e4ftsbedingungen (AGB) finden bei allen Auftr\u00e4gen Anwendung, die mir erteilt werden. Die Auftragserteilung gilt als Anerkennung dieser Allgemeinen Gesch\u00e4ftsbedingungen. \u00a71.Haftung(1) F\u00fcr die Verletzung von Pflichten, die nicht in unmittelbarem Zusammenhang mit wesentlichen Vertragspflichten stehen, haftet der Fotograf f\u00fcr sich und seine Erf\u00fcllungsgehilfen nur bei Vorsatz und grober Fahrl\u00e4ssigkeit. Er haftet ferner f\u00fcr Sch\u00e4den aus der Verletzung des Lebens, des K\u00f6rpers oder der Gesundheit sowie aus der Verletzung wesentlicher Vertragspflichten, die er oder seine Erf\u00fcllungsgehilfen durch schuldhafte Pflichtverletzungen herbeigef\u00fchrt haben.(2) Nina Vogel Fotografie verwahrt die Aufnahmen sorgf\u00e4ltig und ist berechtigt, ohne Rechtspflicht, von ihr aufbewahrte Dateien nach drei Jahren seit Beendigung des Auftrags zu vernichten. Im Fall des Verlustes oder der Besch\u00e4digung stehen dem Vertragspartner keinerlei Anspr\u00fcche zu.(3) Nina Vogel Fotografie haftet f\u00fcr Lichtbest\u00e4ndigkeit und Dauerhaftigkeit der Lichtbilder nur im Rahmen der Garantieleistungen der Hersteller des Fotomaterials.(4) Die Zusendung und R\u00fccksendung von Bildern und Fotob\u00fcchern erfolgt auf Kosten und Gefahr desAuftraggebers. Der Auftraggeber kann bestimmen, wie und durch wen die R\u00fccksendung erfolgt. \u00a72.Verg\u00fctung, Eigentumsvorbehalt und Reklamationen(1)Die Kosten f\u00fcr eine Fotobestellung oder eine Bearbeitung von Fotos sind vorab per \u00dcberweisung oder per Paypal (zzgl. Paypal Geb\u00fchren) zu zahlen.(2) Bis zur vollst\u00e4ndigen Kaufpreiszahlung bleiben die Fotos im Besitz des Fotografen.(3) Fotobestellung wird erst nach vollst\u00e4ndigem Zahlungseingang ausgeliefert!(4) Ich kann verst\u00e4ndlicherweise keine Garantie f\u00fcr die Qualit\u00e4t von Ausdrucken geben die Sie woanders, mit den bei mir gekauften Bilddateien, machen lassen.(5) Reklamationen bzgl. evtl. Druckm\u00e4ngel des von mir ausgeh\u00e4ndigten Bildmaterials sind unverz\u00fcglich per Email an info@vogel-perspektive.com zu melden.(6) Sollten Dateien nicht im angegeben Zeitraum heruntergeladen sein, werden nach Ablaufzeit der Galerie zum Download bei erneutem Freischalten\/Hochladen eine Geb\u00fchr von 15\u20ac erhoben.(7) Sollte bei Vereinbarung zur Erlaubnis der Ver\u00f6ffentlichung ein Rabatt oder zus\u00e4tzliche kostenfreie Bilder vereinbart werden, so sind diese f\u00fcr den Fall das dem Ver\u00f6ffentlichungsrecht widerrufen wird , nachtr\u00e4glich der Differenzbetrag des Rabattes oder der Gesamtpreis der zus\u00e4tzlichen vorab kostenfreien Bilddateien an Nina Vogel Fotografie zu erstatten.(9) Die Roh-Daten verbleiben beim Fotografen. Eine Herausgabe dieser an den Auftraggeber erfolgt grunds\u00e4tzlich nicht.(10) Auf Gutscheine und Fotoshootings gibt es keine Preisgarantie. Es gelten die zum Zeitpunkt des Shootings aktuellen Preise.Diese k\u00f6nnen auf der Homepage jederzeit eingesehen werden. \u00a73.Stornobedingungen(1) Shootingtermine, die Sie mit Nina Vogel Fotografie telefonisch oder schriftlich (Email, Messenger, WhatsApp) vereinbaren, gelten als verbindlich.(2) Storniert der Auftraggeber die Buchung aus welchem Grund auch immer (ausgenommen h\u00f6here Gewalt), steht dem Fotografen ein Ausfallhonorar zu.Dieses wird wie folgt berechnet:Bei Stornierung der Auftragsbest\u00e4tigung \/Buchung sind 30% des Gesamtbetrages als Ausfallhonorar an den Fotografen zu zahlen.(3) Kann ein Outdoor Shooting aufgrund von (absehbaren) schlechten Wetterbedingungen (24 Stunden vor dem geplanten Shootingtermin) nicht durchgef\u00fchrt werden, entstehen f\u00fcr den Auftraggeber keine Kosten und es wird ein Ausweichtermin vereinbart. \u00a74. WiderrufsrechtSie haben die M\u00f6glichkeit ohne Angaben von Gr\u00fcnden, von einem Vertrag oder einem verbindlich reservierten Fotoshooting, binnen 14 Tagen zur\u00fcckzutreten. Dies muss in schriftlicher Form geschehen.Die Widerrufsfrist betr\u00e4gt vierzehn Tage ab dem Tag des Vertragsabschlusses\/verbindlicher Reservierung.Um Ihr Widerrufsrecht auszu\u00fcben, m\u00fcssen Sie mich (Nina Vogel Fotografie, E-Mail:info@vogel-perspektive.com ) mittels einer eindeutigen Erkl\u00e4rung (per E-Mail) \u00fcber Ihren Entschluss, diesen Vertrag zu widerrufen, informieren. Zur Wahrung der Widerrufsfrist reicht es aus, dass Sie die Mitteilung \u00fcber die Aus\u00fcbung des Widerrufsrechts vor Ablauf der Widerrufsfrist absenden.Folgen des Widerrufs: Wenn Sie diesen Vertrag widerrufen, habe ich Ihnen alle Zahlungen, die ich von Ihnen erhalten habe sp\u00e4testens binnen vierzehn Tagen ab dem Tag zur\u00fcckzuzahlen, an dem die Mitteilung \u00fcber Ihren Widerruf dieses Vertrags bei mir eingegangen ist. \u00a75.SonderleistungenDie Anfahrtskosten belaufen sich auf 0,40 Euro je angefangenem Kilometer (Anfahrt Neum\u00fcnster + 15km kostenlos) und werden zusammen mit dem Shooting in Rechnung gestellt.F\u00fcr sp\u00e4tere Bildnachbestellungen oder nach Ablauf der Galerie wird eine Geb\u00fchr f\u00fcr :1. das Verl\u00e4ngern der Bildergalerie f\u00fcr weitere 7 Tage (15\u20ac)2. sowie gew\u00fcnschte Bildabz\u00fcge 13&#215;19 cm ( pro Fachabzug 3\u20ac ) erhoben. \u00a76.GutscheinDer Gutschein ist drei Jahre, ab dem Ende des Jahres in dem er ausgestellt wurde, g\u00fcltig und vom Umtausch und einer Barauszahlung ausgeschlossen.Ein Gutschein ist nicht \u00fcbertragbar. \u00a77.Nutzungsrecht und Urheberrecht(1) Die Urheberrechte an den Fotos liegen immer bei Nina Vogel Fotografie. Eigentumsrechte werden nicht \u00fcbertragen.(2) Fotos werden ohne schriftliche Erlaubnis des\/der Abgebildeten nicht ver\u00f6ffentlich.(3) Sollten Sie sich f\u00fcr Aufnahmen zur Erweiterung meines Portfolios als Model \u201eModel Call Shooting\u201c zur Verf\u00fcgung stellen, so erkl\u00e4ren sich sich automatisch einverstanden, dass Ihre Fotos zur gewerblichen Nutzung und Ver\u00f6ffentlichung zur Eigenwerbung auf meiner Homepage, Social media und Druckerzeugnissen genutzt werden d\u00fcrfen.(4) Sie erhalten von mir Bilder im Originalformat ohne Wasserzeichen, diese sind ausschlie\u00dflich f\u00fcr den privaten eigenen Gebrauch bestimmt (einfache private Nutzungsrechte).Sie d\u00fcrfen NICHT bearbeitet ( Filter, schwarz-wei\u00df, Collage, Freistellen, Zuschnitt o.\u00e4.), noch an Dritte verkauft werden, sofern keine schriftliche Erlaubnis von Nina Vogel Fotografie erteilt wurde.Eine kommerzielle Nutzung ist ohne Absprache mit Nina Vogel Fotografie nicht gestattet. Die Bilder d\u00fcrfen nicht gewerblich (Homepage, Xing, Firmenseiten und anderen gewerblich genutzten \u00f6ffentlichen Seiten) verwendet werden, dazu kann bei Bedarf ein erweitertes Nutzungsrecht kostenpflichtig erworben werden.(5) Die privaten Nutzungsrechte gehen erst \u00fcber, nach vollst\u00e4ndiger Bezahlung des Honorars an den Fotografen.(6) Der Besteller eines Bildes i.S. vom \u00a7 60 UrhG hat kein Recht, das Lichtbild zu vervielf\u00e4ltigen und zu verbreiten, wenn nicht die entsprechenden Nutzungsrechte \u00fcbertragen worden sind. \u00a7 60 UrhG wird ausdr\u00fccklich abbedungen.(7) Bei der Verwertung der Lichtbilder kann der Fotograf, sofern nichts anderes vereinbart wurde, verlangen, als Urheber des Lichtbildes genannt zu werden. Eine Verletzung des Rechts auf Namensnennung berechtigt den Fotografen zum Schadensersatz.(8) Bearbeitungen oder Umgestaltungen des erhaltenes Bildes d\u00fcrfen nur mit Einwilligung des Urhebers, Nina Vogel Fotografie, ver\u00f6ffentlicht oder verwertet werden.(\u00a723UrhG)(9) Auch Vorschaubilder (Galerieauswahl), Bilder von der Homepage d\u00fcrfen nicht kopiert (z.B. via Screenshot), verwendet, vervielf\u00e4ltigt und in ihrer Ursprungsform ver\u00e4ndert (z.B. durch Filter) werden. Unbearbeitete Bilder d\u00fcrfen nicht verwendet, selbst bearbeitet, an Dritte weitergegeben oder ver\u00f6ffentlicht werden.(10) Bewerbungsbilder NutzungsrechtBewerbungsbilder d\u00fcrfen nur f\u00fcr den erwerbswirtschaftlichen Zweck verwendet werden. Das gilt sowohl f\u00fcr Print- als auch Online Bewerbungen.Sie d\u00fcrfen privat, aber nicht als Profilbild, auf einer Homepage oder auf anderen \u00f6ffentlichen Plattformen genutzt werden.Gerne k\u00f6nnen erweiterte Nutzungsrechte\/Lizenzen kostenpflichtig erworben werden. Bei Nichteinhaltung der unter \u00a77 aufgef\u00fchrten Punkte kann Schadensersatz geltend gemacht werden. \u00a78.Urhebernennung und QuellenangabeBei der Verwendung im Internet, in sozialen Netzwerken oder auf anderen \u00f6ffentlichen Plattformen (Homepage, Flyer etc.) hat der Nutzer in der \u00fcblichen Weise den Urheber beim Upload des Bildes in folgender Form zu nennen: \u00a9 Nina Vogel FotografieSollten Sie keine Verlinkung \/ Namensnennung wollen, kommt pro Foto noch eine Weblizenz hinzu. Pro Foto sind dies 49\u20ac.Eine Verletzung des Rechts auf Namensnennung berechtigt den Fotografen zum Schadensersatz. \u00a79.Digitale Fotografie(1) Die Digitalisierung, Speicherung und Vervielf\u00e4ltigung der Fotos des Fotografen auf Datentr\u00e4gern aller Art, bedarf der vorherigen schriftlichen Zustimmung des Fotografen.(2) Die \u00dcbertragung von Nutzungsrechten beinhaltet nicht das Recht zur Speicherung und Vervielf\u00e4ltigung, wenn dieses Recht nicht ausdr\u00fccklich \u00fcbertragen wurde. \u00a710.DatenschutzZum Gesch\u00e4ftsverkehr erforderliche personenbezogene Daten des Auftraggebers k\u00f6nnen von Nina Vogel Fotografie gespeichert werden.Nina Vogel Fotografie verpflichtet sich, alle im Rahmen des Auftrags bekannt gewordenen Informationen vertraulich zu behandeln und nicht an Dritte weiterzugeben. Personenbezogene DatenIch erhebe, verarbeite und nutze Ihre personenbezogenen Daten nur mit Ihrer Einwilligung oder wenn eine Rechtsvorschrift dies erlaubt.Ich werde nur solche personenbezogenen Daten erheben, verarbeiten, speichern und nutzen, die f\u00fcr dieDurchf\u00fchrung und Inanspruchnahme meiner Leistungen erforderlich sind oder die Sie mir freiwillig zur Verf\u00fcgung stellen.Personenbezogene Daten sind Einzelangaben \u00fcber pers\u00f6nliche und sachliche Verh\u00e4ltnisse eines bestimmten oder bestimmbaren Kunden.Hierzu geh\u00f6ren zum Beispiel Name, Anschrift, Telefonnummer, Email Adresse.Zweck der Erhebung personenbezogener DatenIch ben\u00f6tige Ihre personenbezogenen Daten zum Zwecke der Abwicklung Ihres Auftrages (Name, Email,Telefonnummer, Anschrift) und zur Beantwortung Ihrer Fragen (Email, Anschrift, Telefonnummer, Messenger). Erbringung kostenpflichtiger LeistungenZur Erbringung kostenpflichtiger Leistungen werden von mir zus\u00e4tzliche Daten erfragt, wie z.B. Zahlungsangaben. Ihre Rechte auf Auskunft, Berichtigung, Sperre, L\u00f6schung und WiderspruchSie haben das Recht, jederzeit Auskunft \u00fcber Ihre bei mir gespeicherten personenbezogenen Daten zu erhalten.Ebenso haben Sie das Recht auf Berichtigung, Sperrung oder, abgesehen von der vorgeschriebenenDatenspeicherung zur Gesch\u00e4ftsabwicklung, L\u00f6schung Ihrer personenbezogenen Daten.Damit eine Sperre von Daten jederzeit ber\u00fccksichtigt werden kann, m\u00fcssen diese Daten zu Kontrollzwecken in einer Sperrdatei vorgehalten werden. Sie k\u00f6nnen auch die L\u00f6schung der Daten verlangen, soweit keine gesetzliche Archivierungsverpflichtung besteht. Soweit eine solche Verpflichtung besteht, sperre ich Ihre Daten auf Wunsch.Sie k\u00f6nnen \u00c4nderungen oder den Widerruf einer Einwilligung durch entsprechende Mitteilung an mich mit Wirkung f\u00fcr die Zukunft vornehmen. \u00a711.Salvatorische Klausel(1) Sollten einzelne Klauseln dieser Allgemeinen Gesch\u00e4ftsbedingungen ganz oder teilweise ung\u00fcltigsein, so ber\u00fchrt das die Wirksamkeit der \u00fcbrigen Klauseln nicht. Eine unwirksame Bestimmung wirddurch eine solche Bestimmung ersetzt, die dem wirtschaftlichen Zweck der unwirksamen Regelungam n\u00e4chsten kommt und wirksam ist.(2) Erf\u00fcllungsort und Gerichtsstand ist Neum\u00fcnster<\/p>\n","protected":false},"author":1,"featured_media":0,"parent":668,"menu_order":0,"comment_status":"closed","ping_status":"closed","template":"","meta":{"footnotes":""},"class_list":["post-2212","page","type-page","status-publish","hentry"],"acf":[],"_links":{"self":[{"href":"https:\/\/www.vogel-perspektive.com\/info\/wp-json\/wp\/v2\/pages\/2212","targetHints":{"allow":["GET"]}}],"collection":[{"href":"https:\/\/www.vogel-perspektive.com\/info\/wp-json\/wp\/v2\/pages"}],"about":[{"href":"https:\/\/www.vogel-perspektive.com\/info\/wp-json\/wp\/v2\/types\/page"}],"author":[{"embeddable":true,"href":"https:\/\/www.vogel-perspektive.com\/info\/wp-json\/wp\/v2\/users\/1"}],"replies":[{"embeddable":true,"href":"https:\/\/www.vogel-perspektive.com\/info\/wp-json\/wp\/v2\/comments?post=2212"}],"version-history":[{"count":6,"href":"https:\/\/www.vogel-perspektive.com\/info\/wp-json\/wp\/v2\/pages\/2212\/revisions"}],"predecessor-version":[{"id":2225,"href":"https:\/\/www.vogel-perspektive.com\/info\/wp-json\/wp\/v2\/pages\/2212\/revisions\/2225"}],"up":[{"embeddable":true,"href":"https:\/\/www.vogel-perspektive.com\/info\/wp-json\/wp\/v2\/pages\/668"}],"wp:attachment":[{"href":"https:\/\/www.vogel-perspektive.com\/info\/wp-json\/wp\/v2\/media?parent=2212"}],"curies":[{"name":"wp","href":"https:\/\/api.w.org\/{rel}","templated":true}]}}